{"id":2530,"date":"2020-09-19T17:48:27","date_gmt":"2020-09-19T15:48:27","guid":{"rendered":"https:\/\/tepasport.it\/main\/?post_type=product&#038;p=2530"},"modified":"2025-04-07T02:32:15","modified_gmt":"2025-04-07T00:32:15","slug":"training-junior-extra-verde-bianco-2","status":"publish","type":"product","link":"https:\/\/tepasport.it\/main\/?product=training-junior-extra-verde-bianco-2","title":{"rendered":"Training Junior Extra Verde-Bianco <b><font color=\"red\">-30%<\/font><\/b>"},"content":{"rendered":"<p><strong>Training Junior Extra Verde-Bianco<\/strong><\/p>\n<p>La tomaia \u00e8 in COTONE con inserti Bianchi in vera pelle bovina come la nostra inconfondibile &#8220;V&#8221; Bianca .<\/p>\n<p>La suola \u00e8 in MATERIALE EXTRALIGHT, il sottopiede interno \u00e8 anatomico e ricoperto in pelle di maialino e i lacci CERATI (idro-repellenti).<\/p>\n<p>La consegna e il cambio in caso di numero errato avvengono nel giro di 48 ore e sono gratuiti.<\/p>\n<p>Garanzia Tepa Sport compresa !!!<\/p>\n<p>Made in Italy dal 1952<\/p>\n","protected":false},"excerpt":{"rendered":"<p>Training Junior Extra Verde-Bianco La tomaia \u00e8 in COTONE con inserti Bianchi in vera pelle bovina come la nostra inconfondibile &#8220;V&#8221; Bianca . La suola \u00e8 in MATERIALE EXTRALIGHT, il sottopiede interno \u00e8 anatomico e ricoperto in pelle di maialino e i lacci CERATI (idro-repellenti). La consegna e il cambio in caso di numero errato [&hellip;]<\/p>\n","protected":false},"featured_media":2528,"comment_status":"open","ping_status":"closed","template":"","meta":{"cybocfi_hide_featured_image":""},"product_brand":[],"product_cat":[40],"product_tag":[],"class_list":{"0":"post-2530","1":"product","2":"type-product","3":"status-publish","4":"has-post-thumbnail","6":"product_cat-extra-training","8":"first","9":"instock","10":"taxable","11":"shipping-taxable","12":"product-type-variable"},"_links":{"self":[{"href":"https:\/\/tepasport.it\/main\/index.php?rest_route=\/wp\/v2\/product\/2530","targetHints":{"allow":["GET"]}}],"collection":[{"href":"https:\/\/tepasport.it\/main\/index.php?rest_route=\/wp\/v2\/product"}],"about":[{"href":"https:\/\/tepasport.it\/main\/index.php?rest_route=\/wp\/v2\/types\/product"}],"replies":[{"embeddable":true,"href":"https:\/\/tepasport.it\/main\/index.php?rest_route=%2Fwp%2Fv2%2Fcomments&post=2530"}],"wp:featuredmedia":[{"embeddable":true,"href":"https:\/\/tepasport.it\/main\/index.php?rest_route=\/wp\/v2\/media\/2528"}],"wp:attachment":[{"href":"https:\/\/tepasport.it\/main\/index.php?rest_route=%2Fwp%2Fv2%2Fmedia&parent=2530"}],"wp:term":[{"taxonomy":"product_brand","embeddable":true,"href":"https:\/\/tepasport.it\/main\/index.php?rest_route=%2Fwp%2Fv2%2Fproduct_brand&post=2530"},{"taxonomy":"product_cat","embeddable":true,"href":"https:\/\/tepasport.it\/main\/index.php?rest_route=%2Fwp%2Fv2%2Fproduct_cat&post=2530"},{"taxonomy":"product_tag","embeddable":true,"href":"https:\/\/tepasport.it\/main\/index.php?rest_route=%2Fwp%2Fv2%2Fproduct_tag&post=2530"}],"curies":[{"name":"wp","href":"https:\/\/api.w.org\/{rel}","templated":true}]}}