{"id":3108,"date":"2020-10-03T15:54:42","date_gmt":"2020-10-03T13:54:42","guid":{"rendered":"https:\/\/tepasport.it\/main\/?post_type=product&#038;p=3108"},"modified":"2023-01-11T10:21:01","modified_gmt":"2023-01-11T09:21:01","slug":"marathon-bianca-donna","status":"publish","type":"product","link":"https:\/\/tepasport.it\/main\/?product=marathon-bianca-donna","title":{"rendered":"Marathon Bianca Donna <b><font color=\"red\">-40%<\/font><\/b>"},"content":{"rendered":"<p><strong>Nuova\u00a0Marathon Bianco Royal<\/strong><\/p>\n<p>La tomaia \u00e8 in NYLON con inserti Bianchi in vera pelle bovina come la nostra inconfondibile &#8220;V&#8221; Blu Royal.<\/p>\n<p>La suola \u00e8 in TR BICOLORE, il sottopiede interno \u00e8 anatomico e ricoperto in pelle di maialino e i lacci CERATI (idro-repellenti).<\/p>\n<p>La consegna e il cambio in caso di numero errato avvengono nel giro di 48 ore e sono gratuiti.<\/p>\n<p>Garanzia Tepa Sport compresa !!!<\/p>\n<p>Made in Italy dal 1952<\/p>\n","protected":false},"excerpt":{"rendered":"<p>Nuova\u00a0Marathon Bianco Royal La tomaia \u00e8 in NYLON con inserti Bianchi in vera pelle bovina come la nostra inconfondibile &#8220;V&#8221; Blu Royal. La suola \u00e8 in TR BICOLORE, il sottopiede interno \u00e8 anatomico e ricoperto in pelle di maialino e i lacci CERATI (idro-repellenti). La consegna e il cambio in caso di numero errato avvengono [&hellip;]<\/p>\n","protected":false},"featured_media":3115,"comment_status":"open","ping_status":"closed","template":"","meta":{"cybocfi_hide_featured_image":""},"product_brand":[],"product_cat":[52],"product_tag":[],"class_list":{"0":"post-3108","1":"product","2":"type-product","3":"status-publish","4":"has-post-thumbnail","6":"product_cat-marathon-scarpe-donna","8":"first","9":"outofstock","10":"sale","11":"taxable","12":"shipping-taxable","13":"purchasable","14":"product-type-variable"},"_links":{"self":[{"href":"https:\/\/tepasport.it\/main\/index.php?rest_route=\/wp\/v2\/product\/3108","targetHints":{"allow":["GET"]}}],"collection":[{"href":"https:\/\/tepasport.it\/main\/index.php?rest_route=\/wp\/v2\/product"}],"about":[{"href":"https:\/\/tepasport.it\/main\/index.php?rest_route=\/wp\/v2\/types\/product"}],"replies":[{"embeddable":true,"href":"https:\/\/tepasport.it\/main\/index.php?rest_route=%2Fwp%2Fv2%2Fcomments&post=3108"}],"wp:featuredmedia":[{"embeddable":true,"href":"https:\/\/tepasport.it\/main\/index.php?rest_route=\/wp\/v2\/media\/3115"}],"wp:attachment":[{"href":"https:\/\/tepasport.it\/main\/index.php?rest_route=%2Fwp%2Fv2%2Fmedia&parent=3108"}],"wp:term":[{"taxonomy":"product_brand","embeddable":true,"href":"https:\/\/tepasport.it\/main\/index.php?rest_route=%2Fwp%2Fv2%2Fproduct_brand&post=3108"},{"taxonomy":"product_cat","embeddable":true,"href":"https:\/\/tepasport.it\/main\/index.php?rest_route=%2Fwp%2Fv2%2Fproduct_cat&post=3108"},{"taxonomy":"product_tag","embeddable":true,"href":"https:\/\/tepasport.it\/main\/index.php?rest_route=%2Fwp%2Fv2%2Fproduct_tag&post=3108"}],"curies":[{"name":"wp","href":"https:\/\/api.w.org\/{rel}","templated":true}]}}